{"id":3216,"date":"2021-06-04T08:47:23","date_gmt":"2021-06-04T08:47:23","guid":{"rendered":"https:\/\/www.transtrend.de\/franzkarl\/wordpress\/?page_id=3216"},"modified":"2021-06-04T09:47:44","modified_gmt":"2021-06-04T09:47:44","slug":"datenschutzerklaerung","status":"publish","type":"page","link":"https:\/\/www.transtrend.de\/franzkarl\/wordpress\/?page_id=3216","title":{"rendered":"Datenschutzerkl\u00e4rung"},"content":{"rendered":"\n<p>Die Adresse unserer Website lautet &#8211;&gt; http:\/\/www.transtrend.de\/franzkarl\/ und wird im Internet bei verschiedenen Suchmaschinen gefunden. Aliase der Domain lauten &#8222;mei b\u00fcchle&#8220; und &#8222;www.franz-karl.net&#8220;. F\u00fcr alle Aufrufe liegt ein SSL\/TLS Zertifikat vor, das eine HTTPS Verbindung aufbaut. Die Internetseite wird bei IONOS gehostet und beinhaltet einen aktuellen WordPress-Blog. <\/p>\n\n\n\n<p><strong>Standardm\u00e4\u00dfig sammelt WordPress keine personenbezogenen Daten<\/strong> \u00fcber Benutzer und sammelt nur die Daten, die im Profil eines registrierten Benutzers angezeigt werden. Einige meiner Plugins k\u00f6nnen aber zus\u00e4tzliche personenbezogene Daten sammeln. Insbesondere die freiwillige Nutzung der Kommentarfunktion und der dortigen Eingaben werden von einem Plugin (<strong>Akismet Anti-Spam<\/strong>) kontrolliert. Bitte beachte die dortigen Datenschutzhinweise, die seperat f\u00fcr das Plugin vorliegen. *<\/p>\n\n\n\n<p>Sollten freiwillig Kommentare in meinem Blog abgegeben werden, so sind diese in der WordPressdatenbank gespeichert und online lesbar. Eine L\u00f6schung findet mit dem Ende der Existenz des Internetauftrittes statt. Jeder Beitrag kann auch separat und sofort gel\u00f6scht werden, hierzu reicht es aus, mir einen Hinweis zu geben. Beitr\u00e4ge, die als Spam erkannt werden oder gegen geltende Rechte und die Netiquette versto\u00dfen, werden nicht ver\u00f6ffentlicht, bzw. sofort nach Kenntniserhalt gel\u00f6scht. <\/p>\n\n\n\n<p>Wenn Du also freiwillig einen Kommentar schreibst, wird dieser inklusive Metadaten zeitlich unbegrenzt gespeichert. Auf diese Art kann ich auch Folgekommentare automatisch erkennen und freigeben, anstatt sie in einer Moderations-Warteschlange festzuhalten.<\/p>\n\n\n\n<p>Alle Benutzer k\u00f6nnen jederzeit ihre pers\u00f6nlichen Informationen einsehen, ver\u00e4ndern oder l\u00f6schen (der Benutzername kann nicht ver\u00e4ndert werden). Administratoren der Website k\u00f6nnen diese Informationen ebenfalls einsehen und ver\u00e4ndern.<\/p>\n\n\n\n<p><strong>Cookies &amp; Analyse<\/strong><\/p>\n\n\n\n<p>Wenn Du einen Kommentar auf meiner Website schreibst, kann das eine Einwilligung sein, deinen Namen, E-Mail-Adresse und Website in Cookies zu speichern. Dies ist eine Komfortfunktion, damit du nicht, wenn du einen weiteren Kommentar schreibst, all diese Daten erneut eingeben musst. Diese Cookies werden ein Jahr lang gespeichert.<\/p>\n\n\n\n<p>Sitzungscookie beim Besuch meines Blogs: Dieser Cookie enth\u00e4lt keine personenbezogenen Daten und verweist nur auf die WordPress Stamps (Zeit, Datum, Setting) ID des Artikels, den du gerade liest. Der Cookie verf\u00e4llt nach einem Tag. Eine Analyse findet nicht statt. <strong>Standardm\u00e4\u00dfig sammelt WordPress keine Analysedaten. Standardm\u00e4\u00dfig teilt WordPress keinerlei personenbezogene Daten mit Dritten.<\/strong><\/p>\n\n\n\n<p><strong>Urheberrechte<\/strong><\/p>\n\n\n\n<p>Die Textbeitr\u00e4ge meiner Seite sind keine Kopien oder aus bestehenden Dokumenten abgeschrieben, sondern von mir zusammengefasstes Wissen in eigenen Texten f\u00fcr meine Freunde und Familie. Dies entspricht einer eigenen Sch\u00f6pfung und unterliegt demnach selbst dem Urheberrecht.<\/p>\n\n\n\n<p>*<strong>Quelle: Akismet<\/strong><\/p>\n\n\n\n<p>Wir sammeln Informationen \u00fcber Besucher, die Kommentare auf Websites, die unseren Akismet Anti-Spam Service benutzen, hinterlassen. Das Ausma\u00df an Informationen, die wir sammeln, h\u00e4ngt davon ab, wie der Benutzer seine Website eingestellt hat. Normalerweise beinhalten diese Daten die IP-Adresse des Benutzers, den User Agent, Referrer und Website-URL (sowie die Informationen, die der Benutzer direkt eingegeben hat wie z.B. Namen, Benutzernamen, E-Mail-Adresse und den Kommentar selbst).<\/p>\n\n\n\n<p><\/p>\n","protected":false},"excerpt":{"rendered":"<p>Die Adresse unserer Website lautet &#8211;&gt; http:\/\/www.transtrend.de\/franzkarl\/ und wird im Internet bei verschiedenen Suchmaschinen gefunden. Aliase der Domain lauten &#8222;mei b\u00fcchle&#8220; und &#8222;www.franz-karl.net&#8220;. F\u00fcr alle Aufrufe liegt ein SSL\/TLS Zertifikat vor, das eine HTTPS Verbindung aufbaut. Die Internetseite wird bei IONOS gehostet und beinhaltet einen aktuellen WordPress-Blog. Standardm\u00e4\u00dfig sammelt WordPress keine personenbezogenen Daten \u00fcber Benutzer [&hellip;]<\/p>\n","protected":false},"author":1,"featured_media":0,"parent":0,"menu_order":3,"comment_status":"closed","ping_status":"closed","template":"","meta":{"footnotes":""},"class_list":["post-3216","page","type-page","status-publish","hentry"],"_links":{"self":[{"href":"https:\/\/www.transtrend.de\/franzkarl\/wordpress\/index.php?rest_route=\/wp\/v2\/pages\/3216","targetHints":{"allow":["GET"]}}],"collection":[{"href":"https:\/\/www.transtrend.de\/franzkarl\/wordpress\/index.php?rest_route=\/wp\/v2\/pages"}],"about":[{"href":"https:\/\/www.transtrend.de\/franzkarl\/wordpress\/index.php?rest_route=\/wp\/v2\/types\/page"}],"author":[{"embeddable":true,"href":"https:\/\/www.transtrend.de\/franzkarl\/wordpress\/index.php?rest_route=\/wp\/v2\/users\/1"}],"replies":[{"embeddable":true,"href":"https:\/\/www.transtrend.de\/franzkarl\/wordpress\/index.php?rest_route=%2Fwp%2Fv2%2Fcomments&post=3216"}],"version-history":[{"count":3,"href":"https:\/\/www.transtrend.de\/franzkarl\/wordpress\/index.php?rest_route=\/wp\/v2\/pages\/3216\/revisions"}],"predecessor-version":[{"id":3221,"href":"https:\/\/www.transtrend.de\/franzkarl\/wordpress\/index.php?rest_route=\/wp\/v2\/pages\/3216\/revisions\/3221"}],"wp:attachment":[{"href":"https:\/\/www.transtrend.de\/franzkarl\/wordpress\/index.php?rest_route=%2Fwp%2Fv2%2Fmedia&parent=3216"}],"curies":[{"name":"wp","href":"https:\/\/api.w.org\/{rel}","templated":true}]}}