{"id":2895,"date":"2017-04-22T06:54:25","date_gmt":"2017-04-22T06:54:25","guid":{"rendered":"http:\/\/www.transtrend.de\/franzkarl\/wordpress\/?page_id=2895"},"modified":"2021-06-04T09:47:37","modified_gmt":"2021-06-04T09:47:37","slug":"impressum","status":"publish","type":"page","link":"https:\/\/www.transtrend.de\/franzkarl\/wordpress\/?page_id=2895","title":{"rendered":"Impressum"},"content":{"rendered":"<p><span style=\"margin: 0px; color: black; font-family: 'Calibri',sans-serif;\"><span style=\"font-size: medium;\">F\u00fcr &#8222;Mei B\u00fcchle&#8220; unter www.franz-karl.net (http:\/\/www.transtrend.de\/franzkarl) liegt eine eingeschr\u00e4nkte Impressumspflicht vor.<\/span><\/span><\/p>\n<p><span style=\"margin: 0px; color: black; font-family: 'Calibri',sans-serif;\"><span style=\"font-size: medium;\">Die eingeschr\u00e4nkte Impressumspflicht besteht bei Telemedien, die nicht ausschlie\u00dflich pers\u00f6nlichen oder famili\u00e4ren Zwecken dienen, aber auch nicht gesch\u00e4ftsm\u00e4\u00dfig sind.<br \/>Gem\u00e4\u00df \u00a7 55 Absatz 1 RStV gelten folgende Informationen zur vorliegenden Internetpr\u00e4senz:<\/span><\/span><\/p>\n<p style=\"color: #000000; font-family: Gotham, 'Helvetica Neue', Helvetica, Arial, sans-serif; font-size: medium; font-style: normal; font-variant-ligatures: normal; font-variant-caps: normal; font-weight: normal; letter-spacing: normal; orphans: 2; text-align: start; text-indent: 0px; text-transform: none; white-space: normal; widows: 2; word-spacing: 0px; -webkit-text-stroke-width: 0px;\"><strong><span style=\"margin: 0px; color: black; font-family: 'Calibri',sans-serif;\"><span style=\"font-size: medium;\">Verantwortlich f\u00fcr den Inhalt<br \/><\/span> <\/span><\/strong><span style=\"margin: 0px; color: black; font-family: 'Calibri',sans-serif;\"><span style=\"font-size: medium;\">Franz-Karl Gnant<br \/>E: gnafra@web.de<\/span><\/span><\/p>\n<p><strong><span style=\"margin: 0px; color: black; font-family: 'Calibri',sans-serif;\"><span style=\"font-size: medium;\">Ansprechpartner Technik<\/span><\/span><\/strong><b><span style=\"margin: 0px; color: black; font-family: 'Calibri',sans-serif;\"><br \/><\/span><\/b><span style=\"margin: 0px; color: black; font-family: 'Calibri',sans-serif;\"><span style=\"font-size: medium;\">Alexander Gnant<br \/>E: kontakt@alexle.de<\/span><\/span><\/p>\n<p><em><span style=\"margin: 0px; color: black; line-height: 107%; font-family: 'Calibri',sans-serif; font-size: 12pt;\">Stand Juni 2021<\/span><\/em><\/p>\n\n\n<p><\/p>\n","protected":false},"excerpt":{"rendered":"<p>F\u00fcr &#8222;Mei B\u00fcchle&#8220; unter www.franz-karl.net (http:\/\/www.transtrend.de\/franzkarl) liegt eine eingeschr\u00e4nkte Impressumspflicht vor. Die eingeschr\u00e4nkte Impressumspflicht besteht bei Telemedien, die nicht ausschlie\u00dflich pers\u00f6nlichen oder famili\u00e4ren Zwecken dienen, aber auch nicht gesch\u00e4ftsm\u00e4\u00dfig sind.Gem\u00e4\u00df \u00a7 55 Absatz 1 RStV gelten folgende Informationen zur vorliegenden Internetpr\u00e4senz: Verantwortlich f\u00fcr den Inhalt Franz-Karl GnantE: gnafra@web.de Ansprechpartner TechnikAlexander GnantE: kontakt@alexle.de Stand Juni 2021<\/p>\n","protected":false},"author":1,"featured_media":0,"parent":0,"menu_order":2,"comment_status":"closed","ping_status":"closed","template":"","meta":{"footnotes":""},"class_list":["post-2895","page","type-page","status-publish","hentry"],"_links":{"self":[{"href":"https:\/\/www.transtrend.de\/franzkarl\/wordpress\/index.php?rest_route=\/wp\/v2\/pages\/2895","targetHints":{"allow":["GET"]}}],"collection":[{"href":"https:\/\/www.transtrend.de\/franzkarl\/wordpress\/index.php?rest_route=\/wp\/v2\/pages"}],"about":[{"href":"https:\/\/www.transtrend.de\/franzkarl\/wordpress\/index.php?rest_route=\/wp\/v2\/types\/page"}],"author":[{"embeddable":true,"href":"https:\/\/www.transtrend.de\/franzkarl\/wordpress\/index.php?rest_route=\/wp\/v2\/users\/1"}],"replies":[{"embeddable":true,"href":"https:\/\/www.transtrend.de\/franzkarl\/wordpress\/index.php?rest_route=%2Fwp%2Fv2%2Fcomments&post=2895"}],"version-history":[{"count":3,"href":"https:\/\/www.transtrend.de\/franzkarl\/wordpress\/index.php?rest_route=\/wp\/v2\/pages\/2895\/revisions"}],"predecessor-version":[{"id":3215,"href":"https:\/\/www.transtrend.de\/franzkarl\/wordpress\/index.php?rest_route=\/wp\/v2\/pages\/2895\/revisions\/3215"}],"wp:attachment":[{"href":"https:\/\/www.transtrend.de\/franzkarl\/wordpress\/index.php?rest_route=%2Fwp%2Fv2%2Fmedia&parent=2895"}],"curies":[{"name":"wp","href":"https:\/\/api.w.org\/{rel}","templated":true}]}}